{"id":63,"date":"2021-03-19T16:06:32","date_gmt":"2021-03-19T19:06:32","guid":{"rendered":"https:\/\/grafirap.com.ar\/?page_id=63"},"modified":"2026-05-05T11:21:34","modified_gmt":"2026-05-05T14:21:34","slug":"inicio","status":"publish","type":"page","link":"https:\/\/grafirap.com.ar\/","title":{"rendered":"Inicio"},"content":{"rendered":"\n<div class=\"wp-container-1 wp-block-columns\"><\/div>\n\n\n\n<div class=\"wp-container-5 wp-block-columns\">\n<div class=\"wp-container-2 wp-block-column\">\n<div class=\"carousel-caption\">\n\n            <h4 class=\"h3-responsive title text-white\"><i class=\"bx bxs-chevrons-right bx-burst\" style=\"color:#AE21FF \"><\/i> CARTELES<\/h4>\n\n            <h4 class=\"h3-responsive title text-white\"><i style=\"color:#AE21FF \" class=\"bx bxs-chevrons-right bx-burst\"><\/i> SE\u00d1ALIZACI\u00d3N<\/h4>\n             <h4 class=\"h3-responsive title text-white\"><i style=\"color:#AE21FF \" class=\"bx bxs-chevrons-right bx-burst\"><\/i> CALCOS TROQUELADAS<\/h4>\n            <br>\n          <\/div>\n<\/div>\n\n\n\n<div class=\"wp-container-3 wp-block-column\">\n<div class=\"carousel-caption\">\n            <h4 class=\"h3-responsive title text-white\"><i style=\"color:#00DF5F\" class=\"bx bxs-chevrons-right bx-burst\"><\/i> DISE\u00d1O<\/h4>\n            <h4 class=\"h3-responsive title text-white\"><i style=\"color:#00DF5F\" class=\"bx bxs-chevrons-right bx-burst\"><\/i> FOLLETOS<\/h4>\n            <h4 class=\"h3-responsive title text-white\"><i style=\"color:#00DF5F\" class=\"bx bxs-chevrons-right bx-burst\"><\/i> CARPETAS<\/h4>\n              \n<h4 class=\"h3-responsive title text-white\"><i style=\"color:#00DF5F\" class=\"bx bxs-chevrons-right bx-burst\"><\/i> TARJETAS PERSONALES<\/h4>\n            <br>      \n          <\/div>\n<\/div>\n\n\n\n<div class=\"wp-container-4 wp-block-column\">\n<div class=\"carousel-caption\">\n            <h4 class=\"h3-responsive title text-white\"><i style=\"color:#FFC300\" class=\"bx bxs-chevrons-right bx-burst\"><\/i> LONAS<\/h4>\n            <h4 class=\"h3-responsive title text-white\"><i style=\"color:#FFC300\" class=\"bx bxs-chevrons-right bx-burst bx-lg\"><\/i> VINILOS<\/h4>\n            <h4 class=\"h3-responsive title text-white\"><i style=\"color:#FFC300\" class=\"bx bxs-chevrons-right bx-burst\"><\/i> PLOTEADOS <\/h4>\n\n            <br>\n\n             <h4>Mir\u00e1 nuestros trabajos en: <\/h4>\n              &nbsp;&nbsp;&nbsp;&nbsp;&nbsp; <a href=\"https:\/\/www.instagram.com\/grafirap\/\" target=\"_blank\" rel=\"noopener\"><i id=\"i\" class=\"bx bxl-instagram-alt bx-tada \" style=\"color:#FF55F7 ;\"><\/i> &nbsp;&nbsp;&nbsp;\n              <\/a><a href=\"https:\/\/es-la.facebook.com\/www.grafirap.com.ar\/\" target=\"_blank\" rel=\"noopener\">\n<i id=\"i\" class=\"bx bxl-facebook-circle bx-tada \" style=\"color:#0284FF\"><\/i><\/a> \n \n\n            <br><br>\n          <\/div>\n<\/div>\n<\/div>\n\n\n\n<h3>Imprim\u00ed tus facturas vos mismo!! <\/h3>\n\n\n\n<p>Con nuestro sistema de facturaci\u00f3n electr\u00f3nica.<\/p>\n\n\n\n<figure class=\"wp-block-image size-large\"><img loading=\"lazy\" width=\"541\" height=\"590\" src=\"https:\/\/grafirap.com.ar\/wp-content\/uploads\/2021\/11\/logo_ok-541x590.png\" alt=\"\" class=\"wp-image-446\" srcset=\"https:\/\/grafirap.com.ar\/wp-content\/uploads\/2021\/11\/logo_ok-541x590.png 541w, https:\/\/grafirap.com.ar\/wp-content\/uploads\/2021\/11\/logo_ok-360x393.png 360w, https:\/\/grafirap.com.ar\/wp-content\/uploads\/2021\/11\/logo_ok.png 1028w\" sizes=\"(max-width: 541px) 100vw, 541px\" \/><\/figure>\n\n\n\n\n\n<div style=\"height:46px\" aria-hidden=\"true\" class=\"wp-block-spacer\"><\/div>\n\n\n\n<div class=\"wp-container-6 wp-block-buttons\">\n<div class=\"wp-block-button is-style-fill\"><a class=\"wp-block-button__link has-white-color has-vivid-green-cyan-background-color has-text-color has-background\" href=\"https:\/\/api.whatsapp.com\/send\/?phone=5492994566505&amp;text=Hola!%20quiero%20informaci\u00f3n%20del%20sistema%20de%20facturaci\u00f3n%20electronica%20AFIP\" style=\"border-radius:24px\" target=\"_blank\" rel=\"noreferrer noopener\"><strong>Quiero mas Informaci\u00f3n<\/strong> <\/a><\/div>\n<\/div>\n","protected":false},"excerpt":{"rendered":"<p>CARTELES SE\u00d1ALIZACI\u00d3N CALCOS TROQUELADAS DISE\u00d1O FOLLETOS CARPETAS TARJETAS PERSONALES LONAS VINILOS PLOTEADOS Mir\u00e1 nuestros trabajos en: &nbsp;&nbsp;&nbsp;&nbsp;&nbsp; &nbsp;&nbsp;&nbsp; Imprim\u00ed tus facturas vos mismo!! Con nuestro sistema de facturaci\u00f3n electr\u00f3nica.<\/p>\n","protected":false},"author":1,"featured_media":0,"parent":0,"menu_order":0,"comment_status":"closed","ping_status":"closed","template":"","meta":{"_joinchat":[]},"_links":{"self":[{"href":"https:\/\/grafirap.com.ar\/index.php\/wp-json\/wp\/v2\/pages\/63"}],"collection":[{"href":"https:\/\/grafirap.com.ar\/index.php\/wp-json\/wp\/v2\/pages"}],"about":[{"href":"https:\/\/grafirap.com.ar\/index.php\/wp-json\/wp\/v2\/types\/page"}],"author":[{"embeddable":true,"href":"https:\/\/grafirap.com.ar\/index.php\/wp-json\/wp\/v2\/users\/1"}],"replies":[{"embeddable":true,"href":"https:\/\/grafirap.com.ar\/index.php\/wp-json\/wp\/v2\/comments?post=63"}],"version-history":[{"count":147,"href":"https:\/\/grafirap.com.ar\/index.php\/wp-json\/wp\/v2\/pages\/63\/revisions"}],"predecessor-version":[{"id":916,"href":"https:\/\/grafirap.com.ar\/index.php\/wp-json\/wp\/v2\/pages\/63\/revisions\/916"}],"wp:attachment":[{"href":"https:\/\/grafirap.com.ar\/index.php\/wp-json\/wp\/v2\/media?parent=63"}],"curies":[{"name":"wp","href":"https:\/\/api.w.org\/{rel}","templated":true}]}}